{"id":46,"date":"2014-09-14T10:30:47","date_gmt":"2014-09-14T10:30:47","guid":{"rendered":"http:\/\/rose-croix-normandie.fr\/WordPress3\/?page_id=46"},"modified":"2020-08-26T10:28:32","modified_gmt":"2020-08-26T08:28:32","slug":"contact","status":"publish","type":"page","link":"https:\/\/rose-croix-normandie.fr\/WordPress3\/contact\/","title":{"rendered":"Contact"},"content":{"rendered":"<p class=\"Paragraphestandard\" style=\"margin-bottom: 8.5pt; text-align: justify;\"><b>Si vous souhaitez des renseignements au sujet des activit\u00e9s publiques pr\u00e9sent\u00e9es sur ce site r\u00e9gional, n\u2019h\u00e9sitez pas \u00e0 utiliser ce formulaire de contact.<\/b><\/p>\n<p class=\"Paragraphestandard\" style=\"margin-bottom: 8.5pt; text-align: justify;\"><b>Si, apr\u00e8s avoir consult\u00e9 ce site r\u00e9gional ou le site g\u00e9n\u00e9ral de l\u2019A.M.O.R.C. (<a href=\"http:\/\/www.rose-croix.org\">www.rose-croix.org<\/a>), vous avez des questions \u00e0 poser sur son enseignement, sa philosophie ou son fonctionnement, nous vous invitons \u00e0 t\u00e9l\u00e9phoner au <a href=\"tel:+33232354128\">02 32 35 41 28<\/a> ou \u00e0 \u00e9crire \u00e0 <a href=\"mailto:amorc@rose-croix.org\">amorc@rose-croix.org<\/a><\/b><\/p>\n<div class=\"frm_forms  with_frm_style frm_style_formidable-style\" id=\"frm_form_3_container\" >\n<form enctype=\"multipart\/form-data\" method=\"post\" class=\"frm-show-form \" id=\"form_kp4jjz\" >\n<div class=\"frm_form_fields \">\n<fieldset>\n\r\n<div class=\"frm_fields_container\">\n<input type=\"hidden\" name=\"frm_action\" value=\"create\" \/>\n<input type=\"hidden\" name=\"form_id\" value=\"3\" \/>\n<input type=\"hidden\" name=\"frm_hide_fields_3\" id=\"frm_hide_fields_3\" value=\"\" \/>\n<input type=\"hidden\" name=\"form_key\" value=\"kp4jjz\" \/>\n<input type=\"hidden\" name=\"item_meta[0]\" value=\"\" \/>\n<input type=\"hidden\" id=\"frm_submit_entry_3\" name=\"frm_submit_entry_3\" value=\"660989d69b\" \/><input type=\"hidden\" name=\"_wp_http_referer\" value=\"\/WordPress3\/wp-json\/wp\/v2\/pages\/46\" \/><div id=\"frm_field_20_container\" class=\"frm_form_field form-field  frm_required_field frm_top_container\">\r\n    <label for=\"field_gfj0n3\" class=\"frm_primary_label\">Civilit\u00e9\r\n        <span class=\"frm_required\">*<\/span>\r\n    <\/label>\r\n    \t\t<select name=\"item_meta[20]\" id=\"field_gfj0n3\"  data-frmval=\"M.\" data-reqmsg=\"Civilit\u00e9 cannot be blank.\" aria-required=\"true\" data-invmsg=\"Civilit\u00e9 est non valide\" aria-invalid=\"false\"  >\n\t\t<option  value=\"M.\" selected='selected'>M.<\/option><option  value=\"Mme\">Mme<\/option>\t<\/select>\n\t\r\n    \r\n    \r\n<\/div>\n<div id=\"frm_field_15_container\" class=\"frm_form_field form-field  frm_required_field frm_top_container\">\r\n    <label for=\"field_p233uk\" class=\"frm_primary_label\">Nom :\r\n        <span class=\"frm_required\">*<\/span>\r\n    <\/label>\r\n    <input type=\"text\" id=\"field_p233uk\" name=\"item_meta[15]\" value=\"\"  maxlength=\"80\" data-reqmsg=\"Ajoutez votre nom\" aria-required=\"true\" data-invmsg=\"Nom : est non valide\" aria-invalid=\"false\"  \/>\r\n    \r\n    \r\n<\/div>\n<div id=\"frm_field_16_container\" class=\"frm_form_field form-field  frm_required_field frm_top_container\">\r\n    <label for=\"field_ak79wu\" class=\"frm_primary_label\">Pr\u00e9nom :\r\n        <span class=\"frm_required\">*<\/span>\r\n    <\/label>\r\n    <input type=\"text\" id=\"field_ak79wu\" name=\"item_meta[16]\" value=\"\"  maxlength=\"50\" data-reqmsg=\"Pr\u00e9cisez votre pr\u00e9nom\" aria-required=\"true\" data-invmsg=\"Pr\u00e9nom : est non valide\" aria-invalid=\"false\"  \/>\r\n    \r\n    \r\n<\/div>\n<div id=\"frm_field_17_container\" class=\"frm_form_field form-field  frm_required_field frm_top_container\">\r\n    <label for=\"field_5ybj2p\" class=\"frm_primary_label\">Adresse e-mail :\r\n        <span class=\"frm_required\">*<\/span>\r\n    <\/label>\r\n    <input type=\"text\" id=\"field_5ybj2p\" name=\"item_meta[17]\" value=\"\"  maxlength=\"150\" data-reqmsg=\"Votre adresse mail\" aria-required=\"true\" data-invmsg=\"Adresse e-mail : est non valide\" aria-invalid=\"false\"  \/>\r\n    \r\n    \r\n<\/div>\n<div id=\"frm_field_19_container\" class=\"frm_form_field form-field  frm_required_field frm_top_container\">\r\n    <label for=\"field_yeh8zl\" class=\"frm_primary_label\">Objet :\r\n        <span class=\"frm_required\">*<\/span>\r\n    <\/label>\r\n    <input type=\"text\" id=\"field_yeh8zl\" name=\"item_meta[19]\" value=\"\"  maxlength=\"90\" data-reqmsg=\"Objet de ce mail ?\" aria-required=\"true\" data-invmsg=\"Objet : est non valide\" aria-invalid=\"false\"  \/>\r\n    \r\n    \r\n<\/div>\n<div id=\"frm_field_18_container\" class=\"frm_form_field form-field  frm_required_field frm_top_container\">\r\n    <label for=\"field_fzxf62\" class=\"frm_primary_label\">Votre message :\r\n        <span class=\"frm_required\">*<\/span>\r\n    <\/label>\r\n    <textarea name=\"item_meta[18]\" id=\"field_fzxf62\" rows=\"10\"  data-reqmsg=\"Votre message ?\" aria-required=\"true\" data-invmsg=\"Votre message : est non valide\" aria-invalid=\"false\"  ><\/textarea>\r\n    \r\n    \r\n<\/div>\n<div id=\"frm_field_28_container\" class=\"frm_form_field form-field  frm_required_field frm_top_container vertical_radio\">\r\n    <label for=\"field_kb51i\" class=\"frm_primary_label\">Accepter la politique de confidentialit\u00e9\r\n        <span class=\"frm_required\">*<\/span>\r\n    <\/label>\r\n    <div class=\"frm_opt_container\">\t\t<div class=\"frm_checkbox\" id=\"frm_checkbox_28-0\">\t\t\t<label  for=\"field_kb51i-0\">\n\t\t\t<input type=\"checkbox\" name=\"item_meta[28][]\" id=\"field_kb51i-0\" value=\"Oui\"  data-reqmsg=\"Ce champ doit \u00eatre rempli.\" data-invmsg=\"Accepter la politique de confidentialit\u00e9 est non valide\"   aria-required=\"true\"  \/> Oui<\/label><\/div>\n<\/div>\r\n    <div class=\"frm_description\" id=\"frm_desc_field_kb51i\"><a href=\"https:\/\/rose-croix-normandie.fr\/WordPress3\/politique-de-confidentialite\/\">Lire la politique de confidentialit\u00e9<\/a><\/div>\r\n    \r\n<\/div>\n<div id=\"frm_field_29_container\" class=\"frm_form_field form-field  frm_top_container\">\r\n    <div  id=\"field_9kueg_label\" class=\"frm_primary_label\">\r\n        <span class=\"frm_required\"><\/span>\r\n    <\/div>\r\n    <div  id=\"field_9kueg\" class=\"g-recaptcha\" data-sitekey=\"6LfUu6wUAAAAAKvGGe7zK6gCiO3UwlPrqg1mHni5\" data-size=\"normal\" data-theme=\"light\"><\/div>\r\n    \r\n    \r\n<\/div>\n\t<input type=\"hidden\" name=\"item_key\" value=\"\" \/>\n\t\t\t<div id=\"frm_field_30_container\">\n\t\t\t<label for=\"field_q8pm4\" >\n\t\t\t\tSi vous \u00eates un humain, ne remplissez pas ce champ.\t\t\t<\/label>\n\t\t\t<input  id=\"field_q8pm4\" type=\"text\" class=\"frm_form_field form-field frm_verify\" name=\"item_meta[30]\" value=\"\"  \/>\n\t\t<\/div>\n\t\t<input name=\"frm_state\" type=\"hidden\" value=\"1r8EmSmhntkS2wijjTVLkm5TVKNGnH8N6qjr2PFqYyQ=\" \/><div class=\"frm_submit\">\r\n\r\n<input type=\"submit\" value=\"Envoyer\"  \/>\r\n<img decoding=\"async\" class=\"frm_ajax_loading\" src=\"https:\/\/rose-croix-normandie.fr\/WordPress3\/wp-content\/plugins\/formidable\/images\/ajax_loader.gif\" alt=\"Envoi\" style=\"visibility:hidden;\" \/>\r\n\r\n<\/div><\/div>\n<\/fieldset>\n<\/div>\n\n<\/form>\n<\/div>\n\n","protected":false},"excerpt":{"rendered":"<p>Si vous souhaitez des renseignements au sujet des activit\u00e9s publiques pr\u00e9sent\u00e9es sur ce site r\u00e9gional, n\u2019h\u00e9sitez pas \u00e0 utiliser ce formulaire de contact. Si, apr\u00e8s avoir consult\u00e9 ce site r\u00e9gional ou le site g\u00e9n\u00e9ral de l\u2019A.M.O.R.C. (www.rose-croix.org), vous avez des&#8230; <a href=\"https:\/\/rose-croix-normandie.fr\/WordPress3\/contact\/\" class=\"readmore\">Lire plus<span class=\"screen-reader-text\">Contact<\/span><span class=\"fa fa-angle-double-right\" aria-hidden=\"true\"><\/span><\/a><\/p>\n","protected":false},"author":3,"featured_media":0,"parent":0,"menu_order":0,"comment_status":"closed","ping_status":"open","template":"","meta":{"_monsterinsights_skip_tracking":false,"_monsterinsights_sitenote_active":false,"_monsterinsights_sitenote_note":"","_monsterinsights_sitenote_category":0,"footnotes":""},"class_list":["post-46","page","type-page","status-publish","hentry"],"aioseo_notices":[],"_links":{"self":[{"href":"https:\/\/rose-croix-normandie.fr\/WordPress3\/wp-json\/wp\/v2\/pages\/46","targetHints":{"allow":["GET"]}}],"collection":[{"href":"https:\/\/rose-croix-normandie.fr\/WordPress3\/wp-json\/wp\/v2\/pages"}],"about":[{"href":"https:\/\/rose-croix-normandie.fr\/WordPress3\/wp-json\/wp\/v2\/types\/page"}],"author":[{"embeddable":true,"href":"https:\/\/rose-croix-normandie.fr\/WordPress3\/wp-json\/wp\/v2\/users\/3"}],"replies":[{"embeddable":true,"href":"https:\/\/rose-croix-normandie.fr\/WordPress3\/wp-json\/wp\/v2\/comments?post=46"}],"version-history":[{"count":0,"href":"https:\/\/rose-croix-normandie.fr\/WordPress3\/wp-json\/wp\/v2\/pages\/46\/revisions"}],"wp:attachment":[{"href":"https:\/\/rose-croix-normandie.fr\/WordPress3\/wp-json\/wp\/v2\/media?parent=46"}],"curies":[{"name":"wp","href":"https:\/\/api.w.org\/{rel}","templated":true}]}}