{"id":2135,"date":"2020-08-19T10:53:26","date_gmt":"2020-08-19T08:53:26","guid":{"rendered":"https:\/\/rose-croix-normandie.fr\/WordPress3\/?page_id=2135"},"modified":"2020-08-19T10:54:05","modified_gmt":"2020-08-19T08:54:05","slug":"le-blog-du-grand-maitre","status":"publish","type":"page","link":"https:\/\/rose-croix-normandie.fr\/WordPress3\/le-blog-du-grand-maitre\/","title":{"rendered":"Le Blog du Grand Ma\u00eetre"},"content":{"rendered":"<p>Sur ce blog, Serge Toussaint, Grand Ma\u00eetre de l&rsquo;Ordre de la Rose-Croix, partage r\u00e9guli\u00e8rement des r\u00e9flexions portant sur des sujets mystico-philosophiques ou sur des faits de soci\u00e9t\u00e9, sous un angle spiritualiste en g\u00e9n\u00e9ral et rosicrucien en particulier.<\/p>\n<p>&nbsp;<\/p>\n<p style=\"text-align: center;\"><a href=\"https:\/\/www.blog-rose-croix.fr\/\" class=\"su-button su-button-style-flat\" style=\"color:#FFFFFF;background-color:#413f72;border-color:#34335c;border-radius:7px\" target=\"_blank\" rel=\"noopener noreferrer\"><span style=\"color:#FFFFFF;padding:7px 20px;font-size:16px;line-height:24px;border-color:#7a799d;border-radius:7px;text-shadow:none\"><i class=\"sui sui-eye\" style=\"font-size:16px;color:#FFFFFF\"><\/i>  Visiter le blog <\/span><\/a>\n","protected":false},"excerpt":{"rendered":"<p>Sur ce blog, Serge Toussaint, Grand Ma\u00eetre de l&rsquo;Ordre de la Rose-Croix, partage r\u00e9guli\u00e8rement des r\u00e9flexions portant sur des sujets mystico-philosophiques ou sur des faits de soci\u00e9t\u00e9, sous un angle spiritualiste en g\u00e9n\u00e9ral et rosicrucien en particulier. &nbsp;<\/p>\n","protected":false},"author":6,"featured_media":2147,"parent":0,"menu_order":0,"comment_status":"closed","ping_status":"closed","template":"","meta":{"_monsterinsights_skip_tracking":false,"_monsterinsights_sitenote_active":false,"_monsterinsights_sitenote_note":"","_monsterinsights_sitenote_category":0,"footnotes":""},"class_list":["post-2135","page","type-page","status-publish","has-post-thumbnail","hentry"],"aioseo_notices":[],"_links":{"self":[{"href":"https:\/\/rose-croix-normandie.fr\/WordPress3\/wp-json\/wp\/v2\/pages\/2135","targetHints":{"allow":["GET"]}}],"collection":[{"href":"https:\/\/rose-croix-normandie.fr\/WordPress3\/wp-json\/wp\/v2\/pages"}],"about":[{"href":"https:\/\/rose-croix-normandie.fr\/WordPress3\/wp-json\/wp\/v2\/types\/page"}],"author":[{"embeddable":true,"href":"https:\/\/rose-croix-normandie.fr\/WordPress3\/wp-json\/wp\/v2\/users\/6"}],"replies":[{"embeddable":true,"href":"https:\/\/rose-croix-normandie.fr\/WordPress3\/wp-json\/wp\/v2\/comments?post=2135"}],"version-history":[{"count":0,"href":"https:\/\/rose-croix-normandie.fr\/WordPress3\/wp-json\/wp\/v2\/pages\/2135\/revisions"}],"wp:featuredmedia":[{"embeddable":true,"href":"https:\/\/rose-croix-normandie.fr\/WordPress3\/wp-json\/wp\/v2\/media\/2147"}],"wp:attachment":[{"href":"https:\/\/rose-croix-normandie.fr\/WordPress3\/wp-json\/wp\/v2\/media?parent=2135"}],"curies":[{"name":"wp","href":"https:\/\/api.w.org\/{rel}","templated":true}]}}