{"id":2,"date":"2014-06-19T23:48:16","date_gmt":"2014-06-19T23:48:16","guid":{"rendered":"http:\/\/http:\/\/rose-croix-normandie.fr\/WordPress3\/"},"modified":"2024-08-06T11:48:37","modified_gmt":"2024-08-06T09:48:37","slug":"sample-page","status":"publish","type":"page","link":"https:\/\/rose-croix-normandie.fr\/WordPress3\/","title":{"rendered":"La Rose-Croix en Normandie"},"content":{"rendered":"\n<div class=\"wp-block-buttons is-content-justification-right is-layout-flex wp-container-core-buttons-is-layout-765c4724 wp-block-buttons-is-layout-flex\"><\/div>\n\n\n\n<p class=\"has-text-align-center\"><div id=\"metaslider-id-1406\" style=\"max-width: 728px; margin: 0 auto;\" class=\"ml-slider-3-108-0 metaslider metaslider-flex metaslider-1406 ml-slider has-dots-nav ms-theme-default\" role=\"region\" aria-label=\"New Slideshow\" data-height=\"350\" data-width=\"728\">\n    <div id=\"metaslider_container_1406\">\n        <div id=\"metaslider_1406\" class=\"flexslider\">\n            <ul class='slides'>\n                <li style=\"display: block; width: 100%;\" class=\"slide-2901 ms-image \" aria-roledescription=\"slide\" data-date=\"2026-04-15 11:51:56\" data-filename=\"rencontre-rose-croix-728x350.jpg\" data-slide-type=\"image\"><a href=\"https:\/\/rose-croix-normandie.fr\/WordPress3\/events\/rencontre-avec-les-rose-croix-2\/\" target=\"_self\" aria-label=\"Voir les d\u00e9tails de la diapositive\" class=\"metaslider_image_link\"><img loading=\"lazy\" decoding=\"async\" src=\"https:\/\/rose-croix-normandie.fr\/WordPress3\/wp-content\/uploads\/2024\/09\/rencontre-rose-croix-728x350.jpg\" height=\"350\" width=\"728\" alt=\"\" class=\"slider-1406 slide-2901 msDefaultImage\" \/><\/a><div class=\"caption-wrap\"><div class=\"caption\"><div>Rencontre avec les Rose-Croix au Neubourg le 27\/05\/26<\/div><\/div><\/div><\/li>\n                <li style=\"display: none; width: 100%;\" class=\"slide-2902 ms-image \" aria-roledescription=\"slide\" data-date=\"2026-04-15 11:53:04\" data-filename=\"puissance-coeur-728x350.jpg\" data-slide-type=\"image\"><a href=\"https:\/\/rose-croix-normandie.fr\/WordPress3\/events\/la-puissance-du-coeur-cle-du-bien-etre\/\" target=\"_self\" aria-label=\"Voir les d\u00e9tails de la diapositive\" class=\"metaslider_image_link\"><img loading=\"lazy\" decoding=\"async\" src=\"https:\/\/rose-croix-normandie.fr\/WordPress3\/wp-content\/uploads\/2026\/04\/puissance-coeur-728x350.jpg\" height=\"350\" width=\"728\" alt=\"\" class=\"slider-1406 slide-2902 msDefaultImage\" \/><\/a><div class=\"caption-wrap\"><div class=\"caption\"><div>Conf\u00e9rence \"La puissance du c\u0153ur, cl\u00e9 du bien-\u00eatre\"\u00a0\u00e0 \u00c9vreux le 27\/06\/26<\/div><\/div><\/div><\/li>\n                <li style=\"display: none; width: 100%;\" class=\"slide-2639 ms-image \" aria-roledescription=\"slide\" data-date=\"2024-04-15 08:58:43\" data-filename=\"zanoni-728x350.jpg\" data-slide-type=\"image\"><a href=\"https:\/\/rose-croix-normandie.fr\/WordPress3\/textes\/\" target=\"_self\" aria-label=\"Voir les d\u00e9tails de la diapositive\" class=\"metaslider_image_link\"><img loading=\"lazy\" decoding=\"async\" src=\"https:\/\/rose-croix-normandie.fr\/WordPress3\/wp-content\/uploads\/2025\/12\/zanoni-728x350.jpg\" height=\"350\" width=\"728\" alt=\"\" class=\"slider-1406 slide-2639 msDefaultImage\" \/><\/a><div class=\"caption-wrap\"><div class=\"caption\"><div>Texte du mois<\/div><\/div><\/div><\/li>\n                <li style=\"display: none; width: 100%;\" class=\"slide-2088 ms-image \" aria-roledescription=\"slide\" data-date=\"2020-03-02 16:05:38\" data-filename=\"clip-amorc-2020-amorc-2.jpg\" data-slide-type=\"image\"><a href=\"https:\/\/rose-croix-normandie.fr\/WordPress3\/la-rose-croix-une-philosophie-pratique\/\" target=\"_self\" aria-label=\"Voir les d\u00e9tails de la diapositive\" class=\"metaslider_image_link\"><img loading=\"lazy\" decoding=\"async\" src=\"https:\/\/rose-croix-normandie.fr\/WordPress3\/wp-content\/uploads\/2020\/03\/clip-amorc-2020-amorc-2.jpg\" height=\"350\" width=\"728\" alt=\"La Rose-Croix : une philosophie pratique\" class=\"slider-1406 slide-2088 msDefaultImage\" title=\"La Rose-Croix : une philosophie pratique\" \/><\/a><div class=\"caption-wrap\"><div class=\"caption\"><div>La Rose-Croix : une philosophie pratique<\/div><\/div><\/div><\/li>\n                <li style=\"display: none; width: 100%;\" class=\"slide-2152 ms-image \" aria-roledescription=\"slide\" data-date=\"2020-08-19 10:54:25\" data-filename=\"Blog-Serge-728x350.jpg\" data-slide-type=\"image\"><a href=\"https:\/\/rose-croix-normandie.fr\/WordPress3\/le-blog-du-grand-maitre\/\" target=\"_self\" aria-label=\"Voir les d\u00e9tails de la diapositive\" class=\"metaslider_image_link\"><img loading=\"lazy\" decoding=\"async\" src=\"https:\/\/rose-croix-normandie.fr\/WordPress3\/wp-content\/uploads\/2020\/08\/Blog-Serge-728x350.jpg\" height=\"350\" width=\"728\" alt=\"Le Blog du Grand Ma\u00eetre\" class=\"slider-1406 slide-2152 msDefaultImage\" title=\"Le Blog du Grand Ma\u00eetre\" \/><\/a><div class=\"caption-wrap\"><div class=\"caption\"><div>Le Blog du Grand Ma\u00eetre<\/div><\/div><\/div><\/li>\n            <\/ul>\n        <\/div>\n        \n    <\/div>\n<\/div>\n\n\n\n<p>Vous \u00eates sur le site internet de l&rsquo;Ancien et Mystique Ordre de la Rose-Croix pour la Normandie.&nbsp;Vous trouverez sur ces pages des&nbsp;informations concernant les conf\u00e9rences, s\u00e9minaires, r\u00e9unions-d\u00e9bats et autres activit\u00e9s publiques organis\u00e9es par l&rsquo;A.M.O.R.C.&nbsp;dans des villes telles que Caen, Rouen, Bernay ou \u00c9vreux.<\/p>\n\n\n\n<h2 class=\"wp-block-heading\"><span style=\"color: #880000;\">Pr\u00e9sentation de l&rsquo;A.M.O.R.C.<a href=\"https:\/\/www.rose-croix.org\/\" target=\"_blank\" rel=\"noopener noreferrer\"><img loading=\"lazy\" decoding=\"async\" class=\"alignright wp-image-1505 size-full\" src=\"https:\/\/rose-croix-normandie.fr\/WordPress3\/wp-content\/uploads\/2018\/03\/nouveau-portique-AMORC-petit.jpg\" alt=\"\" width=\"150\" height=\"187\"><\/a><\/span><\/h2>\n\n\n\n<p>L&rsquo;A.M.O.R.C. est un mouvement philosophique, initiatique et traditionnel mondial, non religieux et apolitique, ouvert aux hommes et aux femmes, sans distinction de race, de religion ou de position sociale.<\/p>\n\n\n\n<p>&gt; &nbsp;Pour en savoir plus : <span style=\"text-decoration: underline; color: #880000;\"><span style=\"text-decoration: underline;\">s<a style=\"color: #880000; text-decoration: underline;\" title=\"Site AMORC\" href=\"https:\/\/www.rose-croix.org\/\" target=\"_blank\" rel=\"noopener noreferrer\">ite officiel de l&rsquo;A.M.O.R.C.<\/a><\/span><\/span><\/p>\n","protected":false},"excerpt":{"rendered":"<p>Vous \u00eates sur le site internet de l&rsquo;Ancien et Mystique Ordre de la Rose-Croix pour la Normandie.&nbsp;Vous trouverez sur ces pages des&nbsp;informations concernant les conf\u00e9rences, s\u00e9minaires, r\u00e9unions-d\u00e9bats et autres activit\u00e9s publiques organis\u00e9es par l&rsquo;A.M.O.R.C.&nbsp;dans des villes telles que Caen, Rouen,&#8230; <a href=\"https:\/\/rose-croix-normandie.fr\/WordPress3\/\" class=\"readmore\">Lire plus<span class=\"screen-reader-text\">La Rose-Croix en Normandie<\/span><span class=\"fa fa-angle-double-right\" aria-hidden=\"true\"><\/span><\/a><\/p>\n","protected":false},"author":6,"featured_media":0,"parent":0,"menu_order":0,"comment_status":"closed","ping_status":"closed","template":"","meta":{"_monsterinsights_skip_tracking":false,"_monsterinsights_sitenote_active":false,"_monsterinsights_sitenote_note":"","_monsterinsights_sitenote_category":0,"footnotes":""},"class_list":["post-2","page","type-page","status-publish","hentry"],"aioseo_notices":[],"_links":{"self":[{"href":"https:\/\/rose-croix-normandie.fr\/WordPress3\/wp-json\/wp\/v2\/pages\/2","targetHints":{"allow":["GET"]}}],"collection":[{"href":"https:\/\/rose-croix-normandie.fr\/WordPress3\/wp-json\/wp\/v2\/pages"}],"about":[{"href":"https:\/\/rose-croix-normandie.fr\/WordPress3\/wp-json\/wp\/v2\/types\/page"}],"author":[{"embeddable":true,"href":"https:\/\/rose-croix-normandie.fr\/WordPress3\/wp-json\/wp\/v2\/users\/6"}],"replies":[{"embeddable":true,"href":"https:\/\/rose-croix-normandie.fr\/WordPress3\/wp-json\/wp\/v2\/comments?post=2"}],"version-history":[{"count":0,"href":"https:\/\/rose-croix-normandie.fr\/WordPress3\/wp-json\/wp\/v2\/pages\/2\/revisions"}],"wp:attachment":[{"href":"https:\/\/rose-croix-normandie.fr\/WordPress3\/wp-json\/wp\/v2\/media?parent=2"}],"curies":[{"name":"wp","href":"https:\/\/api.w.org\/{rel}","templated":true}]}}