{"id":1861,"date":"2019-07-09T16:48:47","date_gmt":"2019-07-09T14:48:47","guid":{"rendered":"https:\/\/rose-croix-normandie.fr\/WordPress3\/?page_id=1861"},"modified":"2025-12-01T09:24:36","modified_gmt":"2025-12-01T08:24:36","slug":"textes","status":"publish","type":"page","link":"https:\/\/rose-croix-normandie.fr\/WordPress3\/textes\/","title":{"rendered":"Texte du mois"},"content":{"rendered":"\n<p class=\"has-text-align-center\"><strong>Dans cette rubrique figurent des citations extraites de livres qui traitent de sujets ayant un rapport direct ou indirect avec la culture et la spiritualit\u00e9 rosicruciennes. Nous vous invitons, chaque mois, \u00e0 en faire un support de r\u00e9flexion et de m\u00e9ditation.<\/strong><\/p>\n\n\n\n<hr class=\"wp-block-separator has-alpha-channel-opacity\"\/>\n\n\n\n<figure class=\"wp-block-image size-large\"><img loading=\"lazy\" decoding=\"async\" width=\"1024\" height=\"413\" src=\"https:\/\/rose-croix-normandie.fr\/WordPress3\/wp-content\/uploads\/2025\/12\/zanoni-1024x413.jpg\" alt=\"\" class=\"wp-image-2852\" srcset=\"https:\/\/rose-croix-normandie.fr\/WordPress3\/wp-content\/uploads\/2025\/12\/zanoni-1024x413.jpg 1024w, https:\/\/rose-croix-normandie.fr\/WordPress3\/wp-content\/uploads\/2025\/12\/zanoni-300x121.jpg 300w, https:\/\/rose-croix-normandie.fr\/WordPress3\/wp-content\/uploads\/2025\/12\/zanoni-768x310.jpg 768w, https:\/\/rose-croix-normandie.fr\/WordPress3\/wp-content\/uploads\/2025\/12\/zanoni.jpg 1140w\" sizes=\"auto, (max-width: 1024px) 100vw, 1024px\" \/><\/figure>\n\n\n\n<p class=\"has-text-align-center\"><strong>Zanoni ou la Sagesse des Rose-Croix, de Sir Edward Bulwer Lytton<\/strong><\/p>\n\n\n\n<p><strong>Extrait<\/strong><\/p>\n\n\n\n<p>\u00ab\u00a0Il n\u2019y a pas dans le c\u0153ur de l\u2019homme un seul d\u00e9sir qui ne soit un pressentiment de choses qui existent dans un monde \u00e9loign\u00e9 et divin. Non ! Il s\u2019est trouv\u00e9 dans ce monde d\u2019ici-bas, de si\u00e8cle en si\u00e8cle, des esprits plus brillants et plus fortun\u00e9s, qui ont atteint les r\u00e9gions o\u00f9 se meuvent et respirent des \u00eatres sup\u00e9rieurs \u00e0 l\u2019homme.\u00a0\u00bb<\/p>\n\n\n\n<p><\/p>\n","protected":false},"excerpt":{"rendered":"<p>Dans cette rubrique figurent des citations extraites de livres qui traitent de sujets ayant un rapport direct ou indirect avec la culture et la spiritualit\u00e9 rosicruciennes. Nous vous invitons, chaque mois, \u00e0 en faire un support de r\u00e9flexion et de&#8230; <a href=\"https:\/\/rose-croix-normandie.fr\/WordPress3\/textes\/\" class=\"readmore\">Lire plus<span class=\"screen-reader-text\">Texte du mois<\/span><span class=\"fa fa-angle-double-right\" aria-hidden=\"true\"><\/span><\/a><\/p>\n","protected":false},"author":6,"featured_media":0,"parent":0,"menu_order":0,"comment_status":"closed","ping_status":"closed","template":"","meta":{"_monsterinsights_skip_tracking":false,"_monsterinsights_sitenote_active":false,"_monsterinsights_sitenote_note":"","_monsterinsights_sitenote_category":0,"footnotes":""},"class_list":["post-1861","page","type-page","status-publish","hentry"],"aioseo_notices":[],"_links":{"self":[{"href":"https:\/\/rose-croix-normandie.fr\/WordPress3\/wp-json\/wp\/v2\/pages\/1861","targetHints":{"allow":["GET"]}}],"collection":[{"href":"https:\/\/rose-croix-normandie.fr\/WordPress3\/wp-json\/wp\/v2\/pages"}],"about":[{"href":"https:\/\/rose-croix-normandie.fr\/WordPress3\/wp-json\/wp\/v2\/types\/page"}],"author":[{"embeddable":true,"href":"https:\/\/rose-croix-normandie.fr\/WordPress3\/wp-json\/wp\/v2\/users\/6"}],"replies":[{"embeddable":true,"href":"https:\/\/rose-croix-normandie.fr\/WordPress3\/wp-json\/wp\/v2\/comments?post=1861"}],"version-history":[{"count":0,"href":"https:\/\/rose-croix-normandie.fr\/WordPress3\/wp-json\/wp\/v2\/pages\/1861\/revisions"}],"wp:attachment":[{"href":"https:\/\/rose-croix-normandie.fr\/WordPress3\/wp-json\/wp\/v2\/media?parent=1861"}],"curies":[{"name":"wp","href":"https:\/\/api.w.org\/{rel}","templated":true}]}}