{"id":1548,"date":"2018-06-28T09:49:46","date_gmt":"2018-06-28T07:49:46","guid":{"rendered":"http:\/\/rose-croix-normandie.fr\/WordPress3\/?page_id=1548"},"modified":"2018-06-28T09:49:46","modified_gmt":"2018-06-28T07:49:46","slug":"politique-de-confidentialite","status":"publish","type":"page","link":"https:\/\/rose-croix-normandie.fr\/WordPress3\/politique-de-confidentialite\/","title":{"rendered":"Politique de confidentialit\u00e9"},"content":{"rendered":"<h2>Qui sommes-nous\u00a0?<\/h2>\n<p>L\u2019adresse de notre site Web est\u00a0: http:\/\/rose-croix-normandie.fr\/WordPress3.<\/p>\n<p>L\u2019Ancien et Mystique Ordre de la Rose-Croix, connu dans le monde sous le sigle A.M.O.R.C., est un mouvement philosophique, initiatique et traditionnel. Non religieux et apolitique, il est ouvert aux hommes comme aux femmes, sans distinction de race, de nationalit\u00e9, de classe sociale ou de religion. Reconnu d\u2019utilit\u00e9 publique dans plusieurs pays en raison de sa contribution \u00e0 la culture, \u00e0 l\u2019\u00e9ducation et \u00e0 la paix, il a pour devise : \u00ab La plus large tol\u00e9rance dans la plus stricte ind\u00e9pendance.\u00a0\u00bb<\/p>\n<h2>Utilisation des donn\u00e9es personnelles collect\u00e9es<\/h2>\n<h3>Messages<\/h3>\n<p>Quand vous laissez un message sur notre site web, les donn\u00e9es inscrites dans le formulaire de contact, mais aussi votre adresse IP et l\u2019agent utilisateur de votre navigateur sont collect\u00e9s pour nous aider \u00e0 la d\u00e9tection des messages ind\u00e9sirables.<\/p>\n<p>Une cha\u00eene anonymis\u00e9e cr\u00e9\u00e9e \u00e0 partir de votre adresse de messagerie (\u00e9galement appel\u00e9e hash) peut \u00eatre envoy\u00e9e au service Gravatar pour v\u00e9rifier si vous utilisez ce dernier. Les clauses de confidentialit\u00e9 du service Gravatar sont disponibles ici\u00a0: https:\/\/automattic.com\/privacy\/.<\/p>\n<h3>Cookies<\/h3>\n<p>Ce site utilise des\u00a0<em>cookies,\u00a0<\/em>\u00a0petits fichiers de texte qui sont plac\u00e9s sur votre ordinateur pour aider le site \u00e0 fournir une meilleure exp\u00e9rience utilisateur. En g\u00e9n\u00e9ral, les cookies sont utilis\u00e9s pour conserver les pr\u00e9f\u00e9rences de l\u2019utilisateur.\u00a0Cependant, vous pouvez d\u00e9sactiver les cookies sur ce site et sur \u200b\u200bd\u2019autres. La fa\u00e7on la plus simple\u00a0de le faire est de les d\u00e9sactiver dans votre navigateur.\u00a0Pour en savoir plus sur les cookies, rendez-vous sur \u00a0<a href=\"http:\/\/www.aboutcookies.org\/\">the About Cookies website<\/a>\u00a0.<\/p>\n<h3>Contenu embarqu\u00e9 depuis d\u2019autres sites<\/h3>\n<p>Les articles de ce site peuvent inclure des contenus int\u00e9gr\u00e9s (par exemple des vid\u00e9os, images, articles\u2026). Le contenu int\u00e9gr\u00e9 depuis d\u2019autres sites se comporte de la m\u00eame mani\u00e8re que si le visiteur se rendait sur ces autres sites. Ces sites web pourraient collecter des donn\u00e9es sur vous, utiliser des cookies, embarquer des outils de suivis tiers, suivre vos interactions avec ces contenus embarqu\u00e9s si vous disposez d\u2019un compte connect\u00e9 sur leur site web.<\/p>\n<h3>Statistiques et mesures d\u2019audience<\/h3>\n<p>Ce site est connect\u00e9 \u00e0 Google Analytics.<\/p>\n<h2>Utilisation et transmission de vos donn\u00e9es personnelles<\/h2>\n<h3>Dur\u00e9es de stockage de vos donn\u00e9es<\/h3>\n<p>Si vous laissez un message, le message et ses m\u00e9tadonn\u00e9es sont conserv\u00e9s ind\u00e9finiment. Cela permet de reconna\u00eetre et d\u2019approuver automatiquement les commentaires suivants au lieu de les laisser dans la file de mod\u00e9ration.<\/p>\n<h3>Les droits que vous avez sur vos donn\u00e9es<\/h3>\n<p>Si vous avez un compte ou si vous avez laiss\u00e9 des messages sur le site, vous pouvez demander \u00e0 recevoir un fichier contenant toutes les donn\u00e9es personnelles que nous poss\u00e9dons \u00e0 votre sujet, incluant celles que vous nous avez fournies. Vous pouvez \u00e9galement demander la suppression des donn\u00e9es personnelles vous concernant. Cela ne prend pas en compte les donn\u00e9es stock\u00e9es \u00e0 des fins administratives, l\u00e9gales ou pour des raisons de s\u00e9curit\u00e9.<\/p>\n<h3>Transmission de vos donn\u00e9es personnelles<\/h3>\n<p>Les messages des visiteurs peuvent \u00eatre v\u00e9rifi\u00e9s \u00e0 l\u2019aide d\u2019un service automatis\u00e9 de d\u00e9tection des messages ind\u00e9sirables.<\/p>\n<header class=\"entry-header\">\n<header class=\"entry-header\">\n<h1 class=\"entry-title\">MENTIONS L\u00c9GALES<\/h1>\n<\/header>\n<div class=\"entry-content\">\n<p>Le site Internet\u00a0<a href=\"https:\/\/rose-croix-normandie.fr\/WordPress3\/\">rose-croix-normandie.fr\/WordPress3\/<\/a>\u00a0et toutes ses pages sont la propri\u00e9t\u00e9 exclusive de l\u2019A.M.O.R.C. ou d\u2019entit\u00e9s juridiques qui en d\u00e9pendent.<\/p>\n<h2>1- Utilisation des termes \u00ab\u00a0A.M.O.R.C.\u00a0\u00bb et \u00ab\u00a0Ordre de la Rose-Croix\u00a0\u00bb<\/h2>\n<p>Les termes A.M.O.R.C. (initiales de : Ancien et Mystique Ordre de la Rose-Croix) et Ordre de la Rose-Croix sont des marques d\u00e9pos\u00e9es. Il en est de m\u00eame des logos de l\u2019A.M.O.R.C.\u00a0 Toute utilisation de ces marques, sans autorisation \u00e9crite de l\u2019A.M.O.R.C., constitue une contrefa\u00e7on et engage la responsabilit\u00e9 civile et p\u00e9nale de ses auteurs, conform\u00e9ment aux l\u00e9gislations nationales en vigueur.<\/p>\n<h2>2- Reproduction du contenu du site<\/h2>\n<p>L\u2019ensemble des textes, images et vid\u00e9os composant le site\u00a0<a href=\"https:\/\/rose-croix-normandie.fr\/WordPress3\/\">rose-croix-normandie.fr\/WordPress3\/<\/a>\u00a0rel\u00e8vent du Code de la Propri\u00e9t\u00e9 intellectuelle et sont \u00e0 ce titre prot\u00e9g\u00e9s. Par cons\u00e9quent,\u00a0<strong>en vertu de l\u2019article 122-4 du Code de la Propri\u00e9t\u00e9 Intellectuelle<\/strong>, toute repr\u00e9sentation, reproduction, traduction, exploitation, arrangement, adaptation, transformation, par un art ou un proc\u00e9d\u00e9 quelconque, que ce soit de mani\u00e8re partielle ou totale, de l\u2019un des \u00e9l\u00e9ments constitutifs du site\u00a0<a href=\"https:\/\/rose-croix-normandie.fr\/WordPress3\/\">rose-croix-normandie.fr\/WordPress3\/<\/a>\u00a0r\u00e9alis\u00e9 sans le consentement pr\u00e9alable et \u00e9crit de l\u2019A.M.O.R.C., est interdit.<\/p>\n<h2>3- \u00c9diteur<\/h2>\n<p>L\u2019A.M.O.R.C. est propri\u00e9taire et \u00e9diteur du site. Pour toute remarque ou information compl\u00e9mentaire, veuillez adresser votre demande en utilisant l\u2019une des adresses ci-dessous. Il vous sera r\u00e9pondu soit par courriel, soit par courrier conventionnel.<\/p>\n<p>Nom\u00a0: Association A.M.O.R.C<br \/>\nSi\u00e8ge\u00a0: Ch\u00e2teau d\u2019Omonville \u2013 27110 Le Tremblay-Omonville \u2013 France<br \/>\nCourriel\u00a0: amorc@rose-croix.org<br \/>\nT\u00e9l\u00e9phone\u00a0: 02 32 35 41 28<br \/>\nResponsable \u00e9ditorial\u00a0: Serge Toussaint<br \/>\nSite :\u00a0<a href=\"https:\/\/rose-croix-normandie.fr\/WordPress3\/\">rose-croix-normandie.fr\/WordPress3\/<\/a><\/p>\n<h2>4 \u2013 H\u00e9bergement\u00a0du site<\/h2>\n<p>Nom\u00a0: Planet-Work<br \/>\nAdresse\u00a0: 231 rue Saint-Honor\u00e9, 75001 Paris<br \/>\nCourriel : contact@planet-work.com<br \/>\nContact\u00a0: Tel : 0891 024 424 (France) \/ Fax : +33 (0)1 41 79 78 61<br \/>\nSite\u00a0:\u00a0<a href=\"http:\/\/www.planet-work.com\/\">www.planet-work.com<\/a><\/p>\n<\/div>\n<\/header>\n","protected":false},"excerpt":{"rendered":"<p>Qui sommes-nous\u00a0? L\u2019adresse de notre site Web est\u00a0: http:\/\/rose-croix-normandie.fr\/WordPress3. L\u2019Ancien et Mystique Ordre de la Rose-Croix, connu dans le monde sous le sigle A.M.O.R.C., est un mouvement philosophique, initiatique et traditionnel. Non religieux et apolitique, il est ouvert aux hommes&#8230; <a href=\"https:\/\/rose-croix-normandie.fr\/WordPress3\/politique-de-confidentialite\/\" class=\"readmore\">Lire plus<span class=\"screen-reader-text\">Politique de confidentialit\u00e9<\/span><span class=\"fa fa-angle-double-right\" aria-hidden=\"true\"><\/span><\/a><\/p>\n","protected":false},"author":6,"featured_media":0,"parent":0,"menu_order":0,"comment_status":"closed","ping_status":"closed","template":"","meta":{"_monsterinsights_skip_tracking":false,"_monsterinsights_sitenote_active":false,"_monsterinsights_sitenote_note":"","_monsterinsights_sitenote_category":0,"footnotes":""},"class_list":["post-1548","page","type-page","status-publish","hentry"],"aioseo_notices":[],"_links":{"self":[{"href":"https:\/\/rose-croix-normandie.fr\/WordPress3\/wp-json\/wp\/v2\/pages\/1548","targetHints":{"allow":["GET"]}}],"collection":[{"href":"https:\/\/rose-croix-normandie.fr\/WordPress3\/wp-json\/wp\/v2\/pages"}],"about":[{"href":"https:\/\/rose-croix-normandie.fr\/WordPress3\/wp-json\/wp\/v2\/types\/page"}],"author":[{"embeddable":true,"href":"https:\/\/rose-croix-normandie.fr\/WordPress3\/wp-json\/wp\/v2\/users\/6"}],"replies":[{"embeddable":true,"href":"https:\/\/rose-croix-normandie.fr\/WordPress3\/wp-json\/wp\/v2\/comments?post=1548"}],"version-history":[{"count":0,"href":"https:\/\/rose-croix-normandie.fr\/WordPress3\/wp-json\/wp\/v2\/pages\/1548\/revisions"}],"wp:attachment":[{"href":"https:\/\/rose-croix-normandie.fr\/WordPress3\/wp-json\/wp\/v2\/media?parent=1548"}],"curies":[{"name":"wp","href":"https:\/\/api.w.org\/{rel}","templated":true}]}}